{"id":259,"date":"2023-07-27T10:59:59","date_gmt":"2023-07-27T08:59:59","guid":{"rendered":"https:\/\/suneko.pl\/?page_id=259"},"modified":"2026-03-23T16:04:43","modified_gmt":"2026-03-23T15:04:43","slug":"jakosc","status":"publish","type":"page","link":"https:\/\/suneko.pl\/eng\/jakosc\/","title":{"rendered":"Jako\u015b\u0107"},"content":{"rendered":"<p style=\"text-align: center;\"><strong>Priorytet ukierunkowany na pe\u0142n\u0105 satysfakcj\u0119 naszych Klient\u00f3w, stabilno\u015b\u0107 i dobr\u0105 pozycj\u0119 firmy na rynku realizujemy poprzez pe\u0142n\u0105 odpowiedzialno\u015b\u0107 wszystkich dzia\u0142\u00f3w za spe\u0142nienie wymaga\u0144 IATF 16949, normy ISO 9001, ISO 14001 oraz dodatkowych wymaga\u0144 Klient\u00f3w, prawnych i zobowi\u0105za\u0144 zgodno\u015bci.<\/strong> Dysponujemy laboratorium pomiarowym spe\u0142niaj\u0105cym najwy\u017csze standardy wymaga\u0144 laboratorium wewn\u0119trznego IATF 16949. Na naszym wyposa\u017ceniu dysponujemy maszyn\u0105 wsp\u00f3\u0142rz\u0119dno\u015bciow\u0105 stykowo \u2013 optyczn\u0105, skanerem pomiarowym do element\u00f3w obrotowych oraz urz\u0105dzeniami do dok\u0142adnych pomiar\u00f3w chropowato\u015bci oraz pow\u0142ok cynkowanych.<\/p>","protected":false},"excerpt":{"rendered":"<p>Priorytet ukierunkowany na pe\u0142n\u0105 satysfakcj\u0119 naszych Klient\u00f3w, stabilno\u015b\u0107 i dobr\u0105 pozycj\u0119 firmy na rynku realizujemy poprzez pe\u0142n\u0105 odpowiedzialno\u015b\u0107 wszystkich dzia\u0142\u00f3w za spe\u0142nienie wymaga\u0144 IATF 16949, normy ISO 9001, ISO 14001 oraz dodatkowych wymaga\u0144 Klient\u00f3w, prawnych i zobowi\u0105za\u0144 zgodno\u015bci. Dysponujemy laboratorium pomiarowym spe\u0142niaj\u0105cym najwy\u017csze standardy wymaga\u0144 laboratorium wewn\u0119trznego IATF 16949. Na naszym wyposa\u017ceniu dysponujemy maszyn\u0105 wsp\u00f3\u0142rz\u0119dno\u015bciow\u0105 &hellip; <a href=\"https:\/\/suneko.pl\/eng\/jakosc\/\">Continued<\/a><\/p>","protected":false},"author":1,"featured_media":260,"parent":0,"menu_order":0,"comment_status":"closed","ping_status":"closed","template":"views\/quality.blade.php","meta":{"footnotes":""},"class_list":["post-259","page","type-page","status-publish","has-post-thumbnail","hentry"],"acf":[],"yoast_head":"<!-- This site is optimized with the Yoast SEO plugin v25.5 - https:\/\/yoast.com\/wordpress\/plugins\/seo\/ -->\n<title>Jako\u015b\u0107 - Suneko<\/title>\n<meta name=\"robots\" content=\"index, follow, max-snippet:-1, max-image-preview:large, max-video-preview:-1\" \/>\n<link rel=\"canonical\" href=\"https:\/\/suneko.pl\/eng\/jakosc\/\" \/>\n<meta property=\"og:locale\" content=\"en_US\" \/>\n<meta property=\"og:type\" content=\"article\" \/>\n<meta property=\"og:title\" content=\"Jako\u015b\u0107 - Suneko\" \/>\n<meta property=\"og:description\" content=\"Priorytet ukierunkowany na pe\u0142n\u0105 satysfakcj\u0119 naszych Klient\u00f3w, stabilno\u015b\u0107 i dobr\u0105 pozycj\u0119 firmy na rynku realizujemy poprzez pe\u0142n\u0105 odpowiedzialno\u015b\u0107 wszystkich dzia\u0142\u00f3w za spe\u0142nienie wymaga\u0144 IATF 16949, normy ISO 9001, ISO 14001 oraz dodatkowych wymaga\u0144 Klient\u00f3w, prawnych i zobowi\u0105za\u0144 zgodno\u015bci. Dysponujemy laboratorium pomiarowym spe\u0142niaj\u0105cym najwy\u017csze standardy wymaga\u0144 laboratorium wewn\u0119trznego IATF 16949. Na naszym wyposa\u017ceniu dysponujemy maszyn\u0105 wsp\u00f3\u0142rz\u0119dno\u015bciow\u0105 &hellip; Continued\" \/>\n<meta property=\"og:url\" content=\"https:\/\/suneko.pl\/eng\/jakosc\/\" \/>\n<meta property=\"og:site_name\" content=\"Suneko\" \/>\n<meta property=\"article:modified_time\" content=\"2026-03-23T15:04:43+00:00\" \/>\n<meta property=\"og:image\" content=\"https:\/\/suneko.pl\/wp-content\/uploads\/2023\/07\/greg-rosenke-b9IDXH4XW5M-unsplash-1.png\" \/>\n\t<meta property=\"og:image:width\" content=\"1920\" \/>\n\t<meta property=\"og:image:height\" content=\"2879\" \/>\n\t<meta property=\"og:image:type\" content=\"image\/png\" \/>\n<meta name=\"twitter:card\" content=\"summary_large_image\" \/>\n<meta name=\"twitter:label1\" content=\"Est. reading time\" \/>\n\t<meta name=\"twitter:data1\" content=\"1 minute\" \/>\n<script type=\"application\/ld+json\" class=\"yoast-schema-graph\">{\"@context\":\"https:\/\/schema.org\",\"@graph\":[{\"@type\":\"WebPage\",\"@id\":\"https:\/\/suneko.pl\/jakosc\/\",\"url\":\"https:\/\/suneko.pl\/jakosc\/\",\"name\":\"Jako\u015b\u0107 - Suneko\",\"isPartOf\":{\"@id\":\"https:\/\/suneko.pl\/#website\"},\"primaryImageOfPage\":{\"@id\":\"https:\/\/suneko.pl\/jakosc\/#primaryimage\"},\"image\":{\"@id\":\"https:\/\/suneko.pl\/jakosc\/#primaryimage\"},\"thumbnailUrl\":\"https:\/\/suneko.pl\/wp-content\/uploads\/2023\/07\/greg-rosenke-b9IDXH4XW5M-unsplash-1.png\",\"datePublished\":\"2023-07-27T08:59:59+00:00\",\"dateModified\":\"2026-03-23T15:04:43+00:00\",\"breadcrumb\":{\"@id\":\"https:\/\/suneko.pl\/jakosc\/#breadcrumb\"},\"inLanguage\":\"en-US\",\"potentialAction\":[{\"@type\":\"ReadAction\",\"target\":[\"https:\/\/suneko.pl\/jakosc\/\"]}]},{\"@type\":\"ImageObject\",\"inLanguage\":\"en-US\",\"@id\":\"https:\/\/suneko.pl\/jakosc\/#primaryimage\",\"url\":\"https:\/\/suneko.pl\/wp-content\/uploads\/2023\/07\/greg-rosenke-b9IDXH4XW5M-unsplash-1.png\",\"contentUrl\":\"https:\/\/suneko.pl\/wp-content\/uploads\/2023\/07\/greg-rosenke-b9IDXH4XW5M-unsplash-1.png\",\"width\":1920,\"height\":2879},{\"@type\":\"BreadcrumbList\",\"@id\":\"https:\/\/suneko.pl\/jakosc\/#breadcrumb\",\"itemListElement\":[{\"@type\":\"ListItem\",\"position\":1,\"name\":\"Strona g\u0142\u00f3wna\",\"item\":\"https:\/\/suneko.pl\/\"},{\"@type\":\"ListItem\",\"position\":2,\"name\":\"Jako\u015b\u0107\"}]},{\"@type\":\"WebSite\",\"@id\":\"https:\/\/suneko.pl\/#website\",\"url\":\"https:\/\/suneko.pl\/\",\"name\":\"Suneko\",\"description\":\"\",\"publisher\":{\"@id\":\"https:\/\/suneko.pl\/#organization\"},\"potentialAction\":[{\"@type\":\"SearchAction\",\"target\":{\"@type\":\"EntryPoint\",\"urlTemplate\":\"https:\/\/suneko.pl\/?s={search_term_string}\"},\"query-input\":{\"@type\":\"PropertyValueSpecification\",\"valueRequired\":true,\"valueName\":\"search_term_string\"}}],\"inLanguage\":\"en-US\"},{\"@type\":\"Organization\",\"@id\":\"https:\/\/suneko.pl\/#organization\",\"name\":\"Suneko\",\"url\":\"https:\/\/suneko.pl\/\",\"logo\":{\"@type\":\"ImageObject\",\"inLanguage\":\"en-US\",\"@id\":\"https:\/\/suneko.pl\/#\/schema\/logo\/image\/\",\"url\":\"https:\/\/suneko.pl\/wp-content\/uploads\/2023\/03\/cropped-logo-2.png\",\"contentUrl\":\"https:\/\/suneko.pl\/wp-content\/uploads\/2023\/03\/cropped-logo-2.png\",\"width\":350,\"height\":85,\"caption\":\"Suneko\"},\"image\":{\"@id\":\"https:\/\/suneko.pl\/#\/schema\/logo\/image\/\"}}]}<\/script>\n<!-- \/ Yoast SEO plugin. -->","yoast_head_json":{"title":"Jako\u015b\u0107 - Suneko","robots":{"index":"index","follow":"follow","max-snippet":"max-snippet:-1","max-image-preview":"max-image-preview:large","max-video-preview":"max-video-preview:-1"},"canonical":"https:\/\/suneko.pl\/eng\/jakosc\/","og_locale":"en_US","og_type":"article","og_title":"Jako\u015b\u0107 - Suneko","og_description":"Priorytet ukierunkowany na pe\u0142n\u0105 satysfakcj\u0119 naszych Klient\u00f3w, stabilno\u015b\u0107 i dobr\u0105 pozycj\u0119 firmy na rynku realizujemy poprzez pe\u0142n\u0105 odpowiedzialno\u015b\u0107 wszystkich dzia\u0142\u00f3w za spe\u0142nienie wymaga\u0144 IATF 16949, normy ISO 9001, ISO 14001 oraz dodatkowych wymaga\u0144 Klient\u00f3w, prawnych i zobowi\u0105za\u0144 zgodno\u015bci. Dysponujemy laboratorium pomiarowym spe\u0142niaj\u0105cym najwy\u017csze standardy wymaga\u0144 laboratorium wewn\u0119trznego IATF 16949. Na naszym wyposa\u017ceniu dysponujemy maszyn\u0105 wsp\u00f3\u0142rz\u0119dno\u015bciow\u0105 &hellip; Continued","og_url":"https:\/\/suneko.pl\/eng\/jakosc\/","og_site_name":"Suneko","article_modified_time":"2026-03-23T15:04:43+00:00","og_image":[{"width":1920,"height":2879,"url":"https:\/\/suneko.pl\/wp-content\/uploads\/2023\/07\/greg-rosenke-b9IDXH4XW5M-unsplash-1.png","type":"image\/png"}],"twitter_card":"summary_large_image","twitter_misc":{"Est. reading time":"1 minute"},"schema":{"@context":"https:\/\/schema.org","@graph":[{"@type":"WebPage","@id":"https:\/\/suneko.pl\/jakosc\/","url":"https:\/\/suneko.pl\/jakosc\/","name":"Jako\u015b\u0107 - Suneko","isPartOf":{"@id":"https:\/\/suneko.pl\/#website"},"primaryImageOfPage":{"@id":"https:\/\/suneko.pl\/jakosc\/#primaryimage"},"image":{"@id":"https:\/\/suneko.pl\/jakosc\/#primaryimage"},"thumbnailUrl":"https:\/\/suneko.pl\/wp-content\/uploads\/2023\/07\/greg-rosenke-b9IDXH4XW5M-unsplash-1.png","datePublished":"2023-07-27T08:59:59+00:00","dateModified":"2026-03-23T15:04:43+00:00","breadcrumb":{"@id":"https:\/\/suneko.pl\/jakosc\/#breadcrumb"},"inLanguage":"en-US","potentialAction":[{"@type":"ReadAction","target":["https:\/\/suneko.pl\/jakosc\/"]}]},{"@type":"ImageObject","inLanguage":"en-US","@id":"https:\/\/suneko.pl\/jakosc\/#primaryimage","url":"https:\/\/suneko.pl\/wp-content\/uploads\/2023\/07\/greg-rosenke-b9IDXH4XW5M-unsplash-1.png","contentUrl":"https:\/\/suneko.pl\/wp-content\/uploads\/2023\/07\/greg-rosenke-b9IDXH4XW5M-unsplash-1.png","width":1920,"height":2879},{"@type":"BreadcrumbList","@id":"https:\/\/suneko.pl\/jakosc\/#breadcrumb","itemListElement":[{"@type":"ListItem","position":1,"name":"Strona g\u0142\u00f3wna","item":"https:\/\/suneko.pl\/"},{"@type":"ListItem","position":2,"name":"Jako\u015b\u0107"}]},{"@type":"WebSite","@id":"https:\/\/suneko.pl\/#website","url":"https:\/\/suneko.pl\/","name":"Suneko","description":"","publisher":{"@id":"https:\/\/suneko.pl\/#organization"},"potentialAction":[{"@type":"SearchAction","target":{"@type":"EntryPoint","urlTemplate":"https:\/\/suneko.pl\/?s={search_term_string}"},"query-input":{"@type":"PropertyValueSpecification","valueRequired":true,"valueName":"search_term_string"}}],"inLanguage":"en-US"},{"@type":"Organization","@id":"https:\/\/suneko.pl\/#organization","name":"Suneko","url":"https:\/\/suneko.pl\/","logo":{"@type":"ImageObject","inLanguage":"en-US","@id":"https:\/\/suneko.pl\/#\/schema\/logo\/image\/","url":"https:\/\/suneko.pl\/wp-content\/uploads\/2023\/03\/cropped-logo-2.png","contentUrl":"https:\/\/suneko.pl\/wp-content\/uploads\/2023\/03\/cropped-logo-2.png","width":350,"height":85,"caption":"Suneko"},"image":{"@id":"https:\/\/suneko.pl\/#\/schema\/logo\/image\/"}}]}},"_links":{"self":[{"href":"https:\/\/suneko.pl\/eng\/wp-json\/wp\/v2\/pages\/259","targetHints":{"allow":["GET"]}}],"collection":[{"href":"https:\/\/suneko.pl\/eng\/wp-json\/wp\/v2\/pages"}],"about":[{"href":"https:\/\/suneko.pl\/eng\/wp-json\/wp\/v2\/types\/page"}],"author":[{"embeddable":true,"href":"https:\/\/suneko.pl\/eng\/wp-json\/wp\/v2\/users\/1"}],"replies":[{"embeddable":true,"href":"https:\/\/suneko.pl\/eng\/wp-json\/wp\/v2\/comments?post=259"}],"version-history":[{"count":0,"href":"https:\/\/suneko.pl\/eng\/wp-json\/wp\/v2\/pages\/259\/revisions"}],"wp:featuredmedia":[{"embeddable":true,"href":"https:\/\/suneko.pl\/eng\/wp-json\/wp\/v2\/media\/260"}],"wp:attachment":[{"href":"https:\/\/suneko.pl\/eng\/wp-json\/wp\/v2\/media?parent=259"}],"curies":[{"name":"wp","href":"https:\/\/api.w.org\/{rel}","templated":true}]}}