{"id":229,"date":"2023-07-26T15:08:57","date_gmt":"2023-07-26T13:08:57","guid":{"rendered":"https:\/\/suneko.pl\/?page_id=229"},"modified":"2023-11-08T14:51:57","modified_gmt":"2023-11-08T13:51:57","slug":"realizacje","status":"publish","type":"page","link":"https:\/\/suneko.pl\/eng\/realizacje\/","title":{"rendered":"Realizacje"},"content":{"rendered":"<p style=\"text-align: center;\"><strong>Precyzja, jako\u015b\u0107 i innowacja<\/strong><\/p>\n<p style=\"text-align: center;\">Nasze realizacje s\u0105 wynikiem zaawansowanej technologii, nieustaj\u0105cego d\u0105\u017cenia do doskona\u0142o\u015bci i zaufania naszych Klient\u00f3w. Ka\u017cdy projekt jest dla nas wyzwaniem, kt\u00f3re podejmujemy z pasj\u0105 i zaanga\u017cowaniem. Je\u015bli potrzebujesz partnera do realizacji projekt\u00f3w zwi\u0105zanych z obr\u00f3bk\u0105 CNC, jeste\u015bmy gotowi do wsp\u00f3\u0142pracy.<\/p>\n<p style=\"text-align: center;\">Oto kilka z naszych najwa\u017cniejszych realizacji:<\/p>","protected":false},"excerpt":{"rendered":"<p>Precyzja, jako\u015b\u0107 i innowacja Nasze realizacje s\u0105 wynikiem zaawansowanej technologii, nieustaj\u0105cego d\u0105\u017cenia do doskona\u0142o\u015bci i zaufania naszych Klient\u00f3w. Ka\u017cdy projekt jest dla nas wyzwaniem, kt\u00f3re podejmujemy z pasj\u0105 i zaanga\u017cowaniem. Je\u015bli potrzebujesz partnera do realizacji projekt\u00f3w zwi\u0105zanych z obr\u00f3bk\u0105 CNC, jeste\u015bmy gotowi do wsp\u00f3\u0142pracy. Oto kilka z naszych najwa\u017cniejszych realizacji:<\/p>","protected":false},"author":1,"featured_media":230,"parent":0,"menu_order":0,"comment_status":"closed","ping_status":"closed","template":"views\/realizations.blade.php","meta":{"footnotes":""},"class_list":["post-229","page","type-page","status-publish","has-post-thumbnail","hentry"],"acf":[],"yoast_head":"<!-- This site is optimized with the Yoast SEO plugin v25.5 - https:\/\/yoast.com\/wordpress\/plugins\/seo\/ -->\n<title>Realizacje - Suneko<\/title>\n<meta name=\"robots\" content=\"index, follow, max-snippet:-1, max-image-preview:large, max-video-preview:-1\" \/>\n<link rel=\"canonical\" href=\"https:\/\/suneko.pl\/eng\/realizacje\/\" \/>\n<meta property=\"og:locale\" content=\"en_US\" \/>\n<meta property=\"og:type\" content=\"article\" \/>\n<meta property=\"og:title\" content=\"Realizacje - Suneko\" \/>\n<meta property=\"og:description\" content=\"Precyzja, jako\u015b\u0107 i innowacja Nasze realizacje s\u0105 wynikiem zaawansowanej technologii, nieustaj\u0105cego d\u0105\u017cenia do doskona\u0142o\u015bci i zaufania naszych Klient\u00f3w. Ka\u017cdy projekt jest dla nas wyzwaniem, kt\u00f3re podejmujemy z pasj\u0105 i zaanga\u017cowaniem. Je\u015bli potrzebujesz partnera do realizacji projekt\u00f3w zwi\u0105zanych z obr\u00f3bk\u0105 CNC, jeste\u015bmy gotowi do wsp\u00f3\u0142pracy. Oto kilka z naszych najwa\u017cniejszych realizacji:\" \/>\n<meta property=\"og:url\" content=\"https:\/\/suneko.pl\/eng\/realizacje\/\" \/>\n<meta property=\"og:site_name\" content=\"Suneko\" \/>\n<meta property=\"article:modified_time\" content=\"2023-11-08T13:51:57+00:00\" \/>\n<meta property=\"og:image\" content=\"https:\/\/suneko.pl\/wp-content\/uploads\/2023\/07\/Mask-Group-141-1.png\" \/>\n\t<meta property=\"og:image:width\" content=\"1920\" \/>\n\t<meta property=\"og:image:height\" content=\"863\" \/>\n\t<meta property=\"og:image:type\" content=\"image\/png\" \/>\n<meta name=\"twitter:card\" content=\"summary_large_image\" \/>\n<meta name=\"twitter:label1\" content=\"Est. reading time\" \/>\n\t<meta name=\"twitter:data1\" content=\"1 minute\" \/>\n<script type=\"application\/ld+json\" class=\"yoast-schema-graph\">{\"@context\":\"https:\/\/schema.org\",\"@graph\":[{\"@type\":\"WebPage\",\"@id\":\"https:\/\/suneko.pl\/realizacje\/\",\"url\":\"https:\/\/suneko.pl\/realizacje\/\",\"name\":\"Realizacje - Suneko\",\"isPartOf\":{\"@id\":\"https:\/\/suneko.pl\/#website\"},\"primaryImageOfPage\":{\"@id\":\"https:\/\/suneko.pl\/realizacje\/#primaryimage\"},\"image\":{\"@id\":\"https:\/\/suneko.pl\/realizacje\/#primaryimage\"},\"thumbnailUrl\":\"https:\/\/suneko.pl\/wp-content\/uploads\/2023\/07\/Mask-Group-141-1.png\",\"datePublished\":\"2023-07-26T13:08:57+00:00\",\"dateModified\":\"2023-11-08T13:51:57+00:00\",\"breadcrumb\":{\"@id\":\"https:\/\/suneko.pl\/realizacje\/#breadcrumb\"},\"inLanguage\":\"en-US\",\"potentialAction\":[{\"@type\":\"ReadAction\",\"target\":[\"https:\/\/suneko.pl\/realizacje\/\"]}]},{\"@type\":\"ImageObject\",\"inLanguage\":\"en-US\",\"@id\":\"https:\/\/suneko.pl\/realizacje\/#primaryimage\",\"url\":\"https:\/\/suneko.pl\/wp-content\/uploads\/2023\/07\/Mask-Group-141-1.png\",\"contentUrl\":\"https:\/\/suneko.pl\/wp-content\/uploads\/2023\/07\/Mask-Group-141-1.png\",\"width\":1920,\"height\":863},{\"@type\":\"BreadcrumbList\",\"@id\":\"https:\/\/suneko.pl\/realizacje\/#breadcrumb\",\"itemListElement\":[{\"@type\":\"ListItem\",\"position\":1,\"name\":\"Strona g\u0142\u00f3wna\",\"item\":\"https:\/\/suneko.pl\/\"},{\"@type\":\"ListItem\",\"position\":2,\"name\":\"Realizacje\"}]},{\"@type\":\"WebSite\",\"@id\":\"https:\/\/suneko.pl\/#website\",\"url\":\"https:\/\/suneko.pl\/\",\"name\":\"Suneko\",\"description\":\"\",\"publisher\":{\"@id\":\"https:\/\/suneko.pl\/#organization\"},\"potentialAction\":[{\"@type\":\"SearchAction\",\"target\":{\"@type\":\"EntryPoint\",\"urlTemplate\":\"https:\/\/suneko.pl\/?s={search_term_string}\"},\"query-input\":{\"@type\":\"PropertyValueSpecification\",\"valueRequired\":true,\"valueName\":\"search_term_string\"}}],\"inLanguage\":\"en-US\"},{\"@type\":\"Organization\",\"@id\":\"https:\/\/suneko.pl\/#organization\",\"name\":\"Suneko\",\"url\":\"https:\/\/suneko.pl\/\",\"logo\":{\"@type\":\"ImageObject\",\"inLanguage\":\"en-US\",\"@id\":\"https:\/\/suneko.pl\/#\/schema\/logo\/image\/\",\"url\":\"https:\/\/suneko.pl\/wp-content\/uploads\/2023\/03\/cropped-logo-2.png\",\"contentUrl\":\"https:\/\/suneko.pl\/wp-content\/uploads\/2023\/03\/cropped-logo-2.png\",\"width\":350,\"height\":85,\"caption\":\"Suneko\"},\"image\":{\"@id\":\"https:\/\/suneko.pl\/#\/schema\/logo\/image\/\"}}]}<\/script>\n<!-- \/ Yoast SEO plugin. -->","yoast_head_json":{"title":"Realizacje - Suneko","robots":{"index":"index","follow":"follow","max-snippet":"max-snippet:-1","max-image-preview":"max-image-preview:large","max-video-preview":"max-video-preview:-1"},"canonical":"https:\/\/suneko.pl\/eng\/realizacje\/","og_locale":"en_US","og_type":"article","og_title":"Realizacje - Suneko","og_description":"Precyzja, jako\u015b\u0107 i innowacja Nasze realizacje s\u0105 wynikiem zaawansowanej technologii, nieustaj\u0105cego d\u0105\u017cenia do doskona\u0142o\u015bci i zaufania naszych Klient\u00f3w. Ka\u017cdy projekt jest dla nas wyzwaniem, kt\u00f3re podejmujemy z pasj\u0105 i zaanga\u017cowaniem. Je\u015bli potrzebujesz partnera do realizacji projekt\u00f3w zwi\u0105zanych z obr\u00f3bk\u0105 CNC, jeste\u015bmy gotowi do wsp\u00f3\u0142pracy. Oto kilka z naszych najwa\u017cniejszych realizacji:","og_url":"https:\/\/suneko.pl\/eng\/realizacje\/","og_site_name":"Suneko","article_modified_time":"2023-11-08T13:51:57+00:00","og_image":[{"width":1920,"height":863,"url":"https:\/\/suneko.pl\/wp-content\/uploads\/2023\/07\/Mask-Group-141-1.png","type":"image\/png"}],"twitter_card":"summary_large_image","twitter_misc":{"Est. reading time":"1 minute"},"schema":{"@context":"https:\/\/schema.org","@graph":[{"@type":"WebPage","@id":"https:\/\/suneko.pl\/realizacje\/","url":"https:\/\/suneko.pl\/realizacje\/","name":"Realizacje - Suneko","isPartOf":{"@id":"https:\/\/suneko.pl\/#website"},"primaryImageOfPage":{"@id":"https:\/\/suneko.pl\/realizacje\/#primaryimage"},"image":{"@id":"https:\/\/suneko.pl\/realizacje\/#primaryimage"},"thumbnailUrl":"https:\/\/suneko.pl\/wp-content\/uploads\/2023\/07\/Mask-Group-141-1.png","datePublished":"2023-07-26T13:08:57+00:00","dateModified":"2023-11-08T13:51:57+00:00","breadcrumb":{"@id":"https:\/\/suneko.pl\/realizacje\/#breadcrumb"},"inLanguage":"en-US","potentialAction":[{"@type":"ReadAction","target":["https:\/\/suneko.pl\/realizacje\/"]}]},{"@type":"ImageObject","inLanguage":"en-US","@id":"https:\/\/suneko.pl\/realizacje\/#primaryimage","url":"https:\/\/suneko.pl\/wp-content\/uploads\/2023\/07\/Mask-Group-141-1.png","contentUrl":"https:\/\/suneko.pl\/wp-content\/uploads\/2023\/07\/Mask-Group-141-1.png","width":1920,"height":863},{"@type":"BreadcrumbList","@id":"https:\/\/suneko.pl\/realizacje\/#breadcrumb","itemListElement":[{"@type":"ListItem","position":1,"name":"Strona g\u0142\u00f3wna","item":"https:\/\/suneko.pl\/"},{"@type":"ListItem","position":2,"name":"Realizacje"}]},{"@type":"WebSite","@id":"https:\/\/suneko.pl\/#website","url":"https:\/\/suneko.pl\/","name":"Suneko","description":"","publisher":{"@id":"https:\/\/suneko.pl\/#organization"},"potentialAction":[{"@type":"SearchAction","target":{"@type":"EntryPoint","urlTemplate":"https:\/\/suneko.pl\/?s={search_term_string}"},"query-input":{"@type":"PropertyValueSpecification","valueRequired":true,"valueName":"search_term_string"}}],"inLanguage":"en-US"},{"@type":"Organization","@id":"https:\/\/suneko.pl\/#organization","name":"Suneko","url":"https:\/\/suneko.pl\/","logo":{"@type":"ImageObject","inLanguage":"en-US","@id":"https:\/\/suneko.pl\/#\/schema\/logo\/image\/","url":"https:\/\/suneko.pl\/wp-content\/uploads\/2023\/03\/cropped-logo-2.png","contentUrl":"https:\/\/suneko.pl\/wp-content\/uploads\/2023\/03\/cropped-logo-2.png","width":350,"height":85,"caption":"Suneko"},"image":{"@id":"https:\/\/suneko.pl\/#\/schema\/logo\/image\/"}}]}},"_links":{"self":[{"href":"https:\/\/suneko.pl\/eng\/wp-json\/wp\/v2\/pages\/229","targetHints":{"allow":["GET"]}}],"collection":[{"href":"https:\/\/suneko.pl\/eng\/wp-json\/wp\/v2\/pages"}],"about":[{"href":"https:\/\/suneko.pl\/eng\/wp-json\/wp\/v2\/types\/page"}],"author":[{"embeddable":true,"href":"https:\/\/suneko.pl\/eng\/wp-json\/wp\/v2\/users\/1"}],"replies":[{"embeddable":true,"href":"https:\/\/suneko.pl\/eng\/wp-json\/wp\/v2\/comments?post=229"}],"version-history":[{"count":0,"href":"https:\/\/suneko.pl\/eng\/wp-json\/wp\/v2\/pages\/229\/revisions"}],"wp:featuredmedia":[{"embeddable":true,"href":"https:\/\/suneko.pl\/eng\/wp-json\/wp\/v2\/media\/230"}],"wp:attachment":[{"href":"https:\/\/suneko.pl\/eng\/wp-json\/wp\/v2\/media?parent=229"}],"curies":[{"name":"wp","href":"https:\/\/api.w.org\/{rel}","templated":true}]}}